{"id":163,"date":"2024-03-22T06:53:37","date_gmt":"2024-03-22T06:53:37","guid":{"rendered":"https:\/\/aleksandrposnoi23.thkit.ee\/wp\/?page_id=163"},"modified":"2024-04-26T08:29:51","modified_gmt":"2024-04-26T08:29:51","slug":"tagasiside","status":"publish","type":"page","link":"https:\/\/aleksandrposnoi23.thkit.ee\/wp\/tagasiside\/","title":{"rendered":"Tagasiside"},"content":{"rendered":"\n<div class=\"wp-block-group alignfull has-background-background-color has-background\" style=\"margin-top:0;margin-bottom:0;padding-top:var(--wp--preset--spacing--60);padding-right:var(--wp--preset--spacing--30);padding-bottom:var(--wp--preset--spacing--60);padding-left:var(--wp--preset--spacing--30)\"><div class=\"wp-block-group__inner-container is-layout-constrained wp-container-core-group-is-layout-fb85e995 wp-block-group-is-layout-constrained\">\n<div class=\"wpcf7 no-js\" id=\"wpcf7-f162-o1\" lang=\"et\" dir=\"ltr\" data-wpcf7-id=\"162\">\n<div class=\"screen-reader-response\"><p role=\"status\" aria-live=\"polite\" aria-atomic=\"true\"><\/p> <ul><\/ul><\/div>\n<form action=\"\/wp\/wp-json\/wp\/v2\/pages\/163#wpcf7-f162-o1\" method=\"post\" class=\"wpcf7-form init\" aria-label=\"Contact form\" novalidate=\"novalidate\" data-status=\"init\">\n<fieldset class=\"hidden-fields-container\"><input type=\"hidden\" name=\"_wpcf7\" value=\"162\" \/><input type=\"hidden\" name=\"_wpcf7_version\" value=\"6.1.5\" \/><input type=\"hidden\" name=\"_wpcf7_locale\" value=\"et\" \/><input type=\"hidden\" name=\"_wpcf7_unit_tag\" value=\"wpcf7-f162-o1\" \/><input type=\"hidden\" name=\"_wpcf7_container_post\" value=\"0\" \/><input type=\"hidden\" name=\"_wpcf7_posted_data_hash\" value=\"\" \/>\n<\/fieldset>\n<p><label> Sinu nimi:<br \/>\n<span class=\"wpcf7-form-control-wrap\" data-name=\"your-name\"><input size=\"40\" maxlength=\"400\" class=\"wpcf7-form-control wpcf7-text wpcf7-validates-as-required\" autocomplete=\"name\" aria-required=\"true\" aria-invalid=\"false\" value=\"\" type=\"text\" name=\"your-name\" \/><\/span> <\/label>\n<\/p>\n<p><label> Sinu e-postiaadress:<br \/>\n<span class=\"wpcf7-form-control-wrap\" data-name=\"your-email\"><input size=\"40\" maxlength=\"400\" class=\"wpcf7-form-control wpcf7-email wpcf7-validates-as-required wpcf7-text wpcf7-validates-as-email\" autocomplete=\"email\" aria-required=\"true\" aria-invalid=\"false\" value=\"\" type=\"email\" name=\"your-email\" \/><\/span> <\/label>\n<\/p>\n<p><label> Esita oma k\u00fcsimus<br \/>\n<span class=\"wpcf7-form-control-wrap\" data-name=\"your-subject\"><input size=\"40\" maxlength=\"400\" class=\"wpcf7-form-control wpcf7-text wpcf7-validates-as-required\" aria-required=\"true\" aria-invalid=\"false\" value=\"\" type=\"text\" name=\"your-subject\" \/><\/span> <\/label>\n<\/p>\n<p><label> Palun vali 1 rogrameerimiskeel:<br \/>\n<span class=\"wpcf7-form-control-wrap\" data-name=\"radio-23\"><span class=\"wpcf7-form-control wpcf7-radio\"><span class=\"wpcf7-list-item first\"><label><input type=\"radio\" name=\"radio-23\" value=\"Python\" checked=\"checked\" \/><span class=\"wpcf7-list-item-label\">Python<\/span><\/label><\/span><span class=\"wpcf7-list-item\"><label><input type=\"radio\" name=\"radio-23\" value=\"HTML\/CSS\" \/><span class=\"wpcf7-list-item-label\">HTML\/CSS<\/span><\/label><\/span><span class=\"wpcf7-list-item\"><label><input type=\"radio\" name=\"radio-23\" value=\"Java\" \/><span class=\"wpcf7-list-item-label\">Java<\/span><\/label><\/span><span class=\"wpcf7-list-item last\"><label><input type=\"radio\" name=\"radio-23\" value=\"C++\" \/><span class=\"wpcf7-list-item-label\">C++<\/span><\/label><\/span><\/span><\/span><br \/>\n<\/label><label> Mis kursusel sa \u00f5pid?<br \/>\n<span class=\"wpcf7-form-control-wrap\" data-name=\"checkbox-279\"><span class=\"wpcf7-form-control wpcf7-checkbox\"><span class=\"wpcf7-list-item first\"><label><input type=\"checkbox\" name=\"checkbox-279[]\" value=\"1. kurs\" \/><span class=\"wpcf7-list-item-label\">1. kurs<\/span><\/label><\/span><span class=\"wpcf7-list-item\"><label><input type=\"checkbox\" name=\"checkbox-279[]\" value=\"2. kurs\" \/><span class=\"wpcf7-list-item-label\">2. kurs<\/span><\/label><\/span><span class=\"wpcf7-list-item last\"><label><input type=\"checkbox\" name=\"checkbox-279[]\" value=\"3. kurs\" \/><span class=\"wpcf7-list-item-label\">3. kurs<\/span><\/label><\/span><\/span><\/span><br \/>\n<input class=\"wpcf7-form-control wpcf7-submit has-spinner\" type=\"submit\" value=\"Sisesta\" \/><\/label>\n<\/p><p style=\"display: none !important;\" class=\"akismet-fields-container\" data-prefix=\"_wpcf7_ak_\"><label>&#916;<textarea name=\"_wpcf7_ak_hp_textarea\" cols=\"45\" rows=\"8\" maxlength=\"100\"><\/textarea><\/label><input type=\"hidden\" id=\"ak_js_1\" name=\"_wpcf7_ak_js\" value=\"184\"\/><script>document.getElementById( \"ak_js_1\" ).setAttribute( \"value\", ( new Date() ).getTime() );<\/script><\/p><div class=\"wpcf7-response-output\" aria-hidden=\"true\"><\/div>\n<\/form>\n<\/div>\n\n<\/div><\/div>\n","protected":false},"excerpt":{"rendered":"","protected":false},"author":1,"featured_media":0,"parent":0,"menu_order":0,"comment_status":"closed","ping_status":"closed","template":"","meta":{"footnotes":""},"class_list":["post-163","page","type-page","status-publish","hentry"],"yoast_head":"<!-- This site is optimized with the Yoast SEO plugin v27.3 - https:\/\/yoast.com\/product\/yoast-seo-wordpress\/ -->\n<title>Tagasiside - Aleksandr P&otilde;&scaron;n&otilde;i &Otilde;pimapp<\/title>\n<meta name=\"robots\" content=\"index, follow, max-snippet:-1, max-image-preview:large, max-video-preview:-1\" \/>\n<link rel=\"canonical\" href=\"https:\/\/aleksandrposnoi23.thkit.ee\/wp\/tagasiside\/\" \/>\n<meta property=\"og:locale\" content=\"et_EE\" \/>\n<meta property=\"og:type\" content=\"article\" \/>\n<meta property=\"og:title\" content=\"Tagasiside - Aleksandr P&otilde;&scaron;n&otilde;i &Otilde;pimapp\" \/>\n<meta property=\"og:url\" content=\"https:\/\/aleksandrposnoi23.thkit.ee\/wp\/tagasiside\/\" \/>\n<meta property=\"og:site_name\" content=\"Aleksandr P&otilde;&scaron;n&otilde;i &Otilde;pimapp\" \/>\n<meta property=\"article:modified_time\" content=\"2024-04-26T08:29:51+00:00\" \/>\n<meta name=\"twitter:card\" content=\"summary_large_image\" \/>\n<script type=\"application\/ld+json\" class=\"yoast-schema-graph\">{\"@context\":\"https:\\\/\\\/schema.org\",\"@graph\":[{\"@type\":\"WebPage\",\"@id\":\"https:\\\/\\\/aleksandrposnoi23.thkit.ee\\\/wp\\\/tagasiside\\\/\",\"url\":\"https:\\\/\\\/aleksandrposnoi23.thkit.ee\\\/wp\\\/tagasiside\\\/\",\"name\":\"Tagasiside - Aleksandr P&otilde;&scaron;n&otilde;i &Otilde;pimapp\",\"isPartOf\":{\"@id\":\"https:\\\/\\\/aleksandrposnoi23.thkit.ee\\\/wp\\\/#website\"},\"datePublished\":\"2024-03-22T06:53:37+00:00\",\"dateModified\":\"2024-04-26T08:29:51+00:00\",\"breadcrumb\":{\"@id\":\"https:\\\/\\\/aleksandrposnoi23.thkit.ee\\\/wp\\\/tagasiside\\\/#breadcrumb\"},\"inLanguage\":\"et\",\"potentialAction\":[{\"@type\":\"ReadAction\",\"target\":[\"https:\\\/\\\/aleksandrposnoi23.thkit.ee\\\/wp\\\/tagasiside\\\/\"]}]},{\"@type\":\"BreadcrumbList\",\"@id\":\"https:\\\/\\\/aleksandrposnoi23.thkit.ee\\\/wp\\\/tagasiside\\\/#breadcrumb\",\"itemListElement\":[{\"@type\":\"ListItem\",\"position\":1,\"name\":\"Home\",\"item\":\"https:\\\/\\\/aleksandrposnoi23.thkit.ee\\\/wp\\\/\"},{\"@type\":\"ListItem\",\"position\":2,\"name\":\"Tagasiside\"}]},{\"@type\":\"WebSite\",\"@id\":\"https:\\\/\\\/aleksandrposnoi23.thkit.ee\\\/wp\\\/#website\",\"url\":\"https:\\\/\\\/aleksandrposnoi23.thkit.ee\\\/wp\\\/\",\"name\":\"Aleksandr P\u00f5\u0161n\u00f5i \u00d5ppemap\",\"description\":\"T&ouml;&ouml;stusinformaatika eriala &otilde;pilase &otilde;pimapp\",\"publisher\":{\"@id\":\"https:\\\/\\\/aleksandrposnoi23.thkit.ee\\\/wp\\\/#organization\"},\"potentialAction\":[{\"@type\":\"SearchAction\",\"target\":{\"@type\":\"EntryPoint\",\"urlTemplate\":\"https:\\\/\\\/aleksandrposnoi23.thkit.ee\\\/wp\\\/?s={search_term_string}\"},\"query-input\":{\"@type\":\"PropertyValueSpecification\",\"valueRequired\":true,\"valueName\":\"search_term_string\"}}],\"inLanguage\":\"et\"},{\"@type\":\"Organization\",\"@id\":\"https:\\\/\\\/aleksandrposnoi23.thkit.ee\\\/wp\\\/#organization\",\"name\":\"Aleksandr P\u00f5\u0161n\u00f5i \u00d5ppemap\",\"url\":\"https:\\\/\\\/aleksandrposnoi23.thkit.ee\\\/wp\\\/\",\"logo\":{\"@type\":\"ImageObject\",\"inLanguage\":\"et\",\"@id\":\"https:\\\/\\\/aleksandrposnoi23.thkit.ee\\\/wp\\\/#\\\/schema\\\/logo\\\/image\\\/\",\"url\":\"https:\\\/\\\/aleksandrposnoi23.thkit.ee\\\/wp\\\/wp-content\\\/uploads\\\/2024\\\/04\\\/AUDI-A6-C5-RADIO-CD-FABRYCZNE-AUDI-SYMPHONY-DUZE-Producent-czesci-Audi-OE.jpg\",\"contentUrl\":\"https:\\\/\\\/aleksandrposnoi23.thkit.ee\\\/wp\\\/wp-content\\\/uploads\\\/2024\\\/04\\\/AUDI-A6-C5-RADIO-CD-FABRYCZNE-AUDI-SYMPHONY-DUZE-Producent-czesci-Audi-OE.jpg\",\"width\":600,\"height\":450,\"caption\":\"Aleksandr P\u00f5\u0161n\u00f5i \u00d5ppemap\"},\"image\":{\"@id\":\"https:\\\/\\\/aleksandrposnoi23.thkit.ee\\\/wp\\\/#\\\/schema\\\/logo\\\/image\\\/\"}}]}<\/script>\n<!-- \/ Yoast SEO plugin. -->","yoast_head_json":{"title":"Tagasiside - Aleksandr P&otilde;&scaron;n&otilde;i &Otilde;pimapp","robots":{"index":"index","follow":"follow","max-snippet":"max-snippet:-1","max-image-preview":"max-image-preview:large","max-video-preview":"max-video-preview:-1"},"canonical":"https:\/\/aleksandrposnoi23.thkit.ee\/wp\/tagasiside\/","og_locale":"et_EE","og_type":"article","og_title":"Tagasiside - Aleksandr P&otilde;&scaron;n&otilde;i &Otilde;pimapp","og_url":"https:\/\/aleksandrposnoi23.thkit.ee\/wp\/tagasiside\/","og_site_name":"Aleksandr P&otilde;&scaron;n&otilde;i &Otilde;pimapp","article_modified_time":"2024-04-26T08:29:51+00:00","twitter_card":"summary_large_image","schema":{"@context":"https:\/\/schema.org","@graph":[{"@type":"WebPage","@id":"https:\/\/aleksandrposnoi23.thkit.ee\/wp\/tagasiside\/","url":"https:\/\/aleksandrposnoi23.thkit.ee\/wp\/tagasiside\/","name":"Tagasiside - Aleksandr P&otilde;&scaron;n&otilde;i &Otilde;pimapp","isPartOf":{"@id":"https:\/\/aleksandrposnoi23.thkit.ee\/wp\/#website"},"datePublished":"2024-03-22T06:53:37+00:00","dateModified":"2024-04-26T08:29:51+00:00","breadcrumb":{"@id":"https:\/\/aleksandrposnoi23.thkit.ee\/wp\/tagasiside\/#breadcrumb"},"inLanguage":"et","potentialAction":[{"@type":"ReadAction","target":["https:\/\/aleksandrposnoi23.thkit.ee\/wp\/tagasiside\/"]}]},{"@type":"BreadcrumbList","@id":"https:\/\/aleksandrposnoi23.thkit.ee\/wp\/tagasiside\/#breadcrumb","itemListElement":[{"@type":"ListItem","position":1,"name":"Home","item":"https:\/\/aleksandrposnoi23.thkit.ee\/wp\/"},{"@type":"ListItem","position":2,"name":"Tagasiside"}]},{"@type":"WebSite","@id":"https:\/\/aleksandrposnoi23.thkit.ee\/wp\/#website","url":"https:\/\/aleksandrposnoi23.thkit.ee\/wp\/","name":"Aleksandr P\u00f5\u0161n\u00f5i \u00d5ppemap","description":"T&ouml;&ouml;stusinformaatika eriala &otilde;pilase &otilde;pimapp","publisher":{"@id":"https:\/\/aleksandrposnoi23.thkit.ee\/wp\/#organization"},"potentialAction":[{"@type":"SearchAction","target":{"@type":"EntryPoint","urlTemplate":"https:\/\/aleksandrposnoi23.thkit.ee\/wp\/?s={search_term_string}"},"query-input":{"@type":"PropertyValueSpecification","valueRequired":true,"valueName":"search_term_string"}}],"inLanguage":"et"},{"@type":"Organization","@id":"https:\/\/aleksandrposnoi23.thkit.ee\/wp\/#organization","name":"Aleksandr P\u00f5\u0161n\u00f5i \u00d5ppemap","url":"https:\/\/aleksandrposnoi23.thkit.ee\/wp\/","logo":{"@type":"ImageObject","inLanguage":"et","@id":"https:\/\/aleksandrposnoi23.thkit.ee\/wp\/#\/schema\/logo\/image\/","url":"https:\/\/aleksandrposnoi23.thkit.ee\/wp\/wp-content\/uploads\/2024\/04\/AUDI-A6-C5-RADIO-CD-FABRYCZNE-AUDI-SYMPHONY-DUZE-Producent-czesci-Audi-OE.jpg","contentUrl":"https:\/\/aleksandrposnoi23.thkit.ee\/wp\/wp-content\/uploads\/2024\/04\/AUDI-A6-C5-RADIO-CD-FABRYCZNE-AUDI-SYMPHONY-DUZE-Producent-czesci-Audi-OE.jpg","width":600,"height":450,"caption":"Aleksandr P\u00f5\u0161n\u00f5i \u00d5ppemap"},"image":{"@id":"https:\/\/aleksandrposnoi23.thkit.ee\/wp\/#\/schema\/logo\/image\/"}}]}},"_links":{"self":[{"href":"https:\/\/aleksandrposnoi23.thkit.ee\/wp\/wp-json\/wp\/v2\/pages\/163","targetHints":{"allow":["GET"]}}],"collection":[{"href":"https:\/\/aleksandrposnoi23.thkit.ee\/wp\/wp-json\/wp\/v2\/pages"}],"about":[{"href":"https:\/\/aleksandrposnoi23.thkit.ee\/wp\/wp-json\/wp\/v2\/types\/page"}],"author":[{"embeddable":true,"href":"https:\/\/aleksandrposnoi23.thkit.ee\/wp\/wp-json\/wp\/v2\/users\/1"}],"replies":[{"embeddable":true,"href":"https:\/\/aleksandrposnoi23.thkit.ee\/wp\/wp-json\/wp\/v2\/comments?post=163"}],"version-history":[{"count":5,"href":"https:\/\/aleksandrposnoi23.thkit.ee\/wp\/wp-json\/wp\/v2\/pages\/163\/revisions"}],"predecessor-version":[{"id":293,"href":"https:\/\/aleksandrposnoi23.thkit.ee\/wp\/wp-json\/wp\/v2\/pages\/163\/revisions\/293"}],"wp:attachment":[{"href":"https:\/\/aleksandrposnoi23.thkit.ee\/wp\/wp-json\/wp\/v2\/media?parent=163"}],"curies":[{"name":"wp","href":"https:\/\/api.w.org\/{rel}","templated":true}]}}