{"id":165,"date":"2024-03-22T07:25:15","date_gmt":"2024-03-22T07:25:15","guid":{"rendered":"https:\/\/aleksandrposnoi23.thkit.ee\/wp\/?page_id=165"},"modified":"2024-03-22T07:25:15","modified_gmt":"2024-03-22T07:25:15","slug":"contact-form-7","status":"publish","type":"page","link":"https:\/\/aleksandrposnoi23.thkit.ee\/wp\/contact-form-7\/","title":{"rendered":"Contact Form 7"},"content":{"rendered":"\n<div class=\"wp-block-group alignfull has-background-background-color has-background\" style=\"margin-top:0;margin-bottom:0;padding-top:var(--wp--preset--spacing--60);padding-right:var(--wp--preset--spacing--30);padding-bottom:var(--wp--preset--spacing--60);padding-left:var(--wp--preset--spacing--30)\"><div class=\"wp-block-group__inner-container is-layout-constrained wp-container-core-group-is-layout-fb85e995 wp-block-group-is-layout-constrained\">\n<figure class=\"wp-block-image size-full\"><img loading=\"lazy\" decoding=\"async\" width=\"528\" height=\"565\" src=\"https:\/\/aleksandrposnoi23.thkit.ee\/wp\/wp-content\/uploads\/2024\/03\/pilt-2.png\" alt=\"\" class=\"wp-image-168\" srcset=\"https:\/\/aleksandrposnoi23.thkit.ee\/wp\/wp-content\/uploads\/2024\/03\/pilt-2.png 528w, https:\/\/aleksandrposnoi23.thkit.ee\/wp\/wp-content\/uploads\/2024\/03\/pilt-2-280x300.png 280w\" sizes=\"auto, (max-width: 528px) 100vw, 528px\" \/><\/figure>\n\n\n\n<figure class=\"wp-block-image size-full\"><img loading=\"lazy\" decoding=\"async\" width=\"402\" height=\"628\" src=\"https:\/\/aleksandrposnoi23.thkit.ee\/wp\/wp-content\/uploads\/2024\/03\/pilt-3.png\" alt=\"\" class=\"wp-image-169\" srcset=\"https:\/\/aleksandrposnoi23.thkit.ee\/wp\/wp-content\/uploads\/2024\/03\/pilt-3.png 402w, https:\/\/aleksandrposnoi23.thkit.ee\/wp\/wp-content\/uploads\/2024\/03\/pilt-3-192x300.png 192w\" sizes=\"auto, (max-width: 402px) 100vw, 402px\" \/><\/figure>\n\n\n\n<figure class=\"wp-block-image size-full\"><img loading=\"lazy\" decoding=\"async\" width=\"465\" height=\"237\" src=\"https:\/\/aleksandrposnoi23.thkit.ee\/wp\/wp-content\/uploads\/2024\/03\/pilt-4.png\" alt=\"\" class=\"wp-image-170\" srcset=\"https:\/\/aleksandrposnoi23.thkit.ee\/wp\/wp-content\/uploads\/2024\/03\/pilt-4.png 465w, https:\/\/aleksandrposnoi23.thkit.ee\/wp\/wp-content\/uploads\/2024\/03\/pilt-4-300x153.png 300w\" sizes=\"auto, (max-width: 465px) 100vw, 465px\" \/><\/figure>\n<\/div><\/div>\n","protected":false},"excerpt":{"rendered":"","protected":false},"author":1,"featured_media":0,"parent":0,"menu_order":0,"comment_status":"closed","ping_status":"closed","template":"","meta":{"footnotes":""},"class_list":["post-165","page","type-page","status-publish","hentry"],"yoast_head":"<!-- This site is optimized with the Yoast SEO plugin v27.3 - https:\/\/yoast.com\/product\/yoast-seo-wordpress\/ -->\n<title>Contact Form 7 - Aleksandr P&otilde;&scaron;n&otilde;i &Otilde;pimapp<\/title>\n<meta name=\"robots\" content=\"index, follow, max-snippet:-1, max-image-preview:large, max-video-preview:-1\" \/>\n<link rel=\"canonical\" href=\"https:\/\/aleksandrposnoi23.thkit.ee\/wp\/contact-form-7\/\" \/>\n<meta property=\"og:locale\" content=\"et_EE\" \/>\n<meta property=\"og:type\" content=\"article\" \/>\n<meta property=\"og:title\" content=\"Contact Form 7 - Aleksandr P&otilde;&scaron;n&otilde;i &Otilde;pimapp\" \/>\n<meta property=\"og:url\" content=\"https:\/\/aleksandrposnoi23.thkit.ee\/wp\/contact-form-7\/\" \/>\n<meta property=\"og:site_name\" content=\"Aleksandr P&otilde;&scaron;n&otilde;i &Otilde;pimapp\" \/>\n<meta property=\"og:image\" content=\"https:\/\/aleksandrposnoi23.thkit.ee\/wp\/wp-content\/uploads\/2024\/03\/pilt-2.png\" \/>\n<meta name=\"twitter:card\" content=\"summary_large_image\" \/>\n<script type=\"application\/ld+json\" class=\"yoast-schema-graph\">{\"@context\":\"https:\\\/\\\/schema.org\",\"@graph\":[{\"@type\":\"WebPage\",\"@id\":\"https:\\\/\\\/aleksandrposnoi23.thkit.ee\\\/wp\\\/contact-form-7\\\/\",\"url\":\"https:\\\/\\\/aleksandrposnoi23.thkit.ee\\\/wp\\\/contact-form-7\\\/\",\"name\":\"Contact Form 7 - Aleksandr P&otilde;&scaron;n&otilde;i &Otilde;pimapp\",\"isPartOf\":{\"@id\":\"https:\\\/\\\/aleksandrposnoi23.thkit.ee\\\/wp\\\/#website\"},\"primaryImageOfPage\":{\"@id\":\"https:\\\/\\\/aleksandrposnoi23.thkit.ee\\\/wp\\\/contact-form-7\\\/#primaryimage\"},\"image\":{\"@id\":\"https:\\\/\\\/aleksandrposnoi23.thkit.ee\\\/wp\\\/contact-form-7\\\/#primaryimage\"},\"thumbnailUrl\":\"https:\\\/\\\/aleksandrposnoi23.thkit.ee\\\/wp\\\/wp-content\\\/uploads\\\/2024\\\/03\\\/pilt-2.png\",\"datePublished\":\"2024-03-22T07:25:15+00:00\",\"breadcrumb\":{\"@id\":\"https:\\\/\\\/aleksandrposnoi23.thkit.ee\\\/wp\\\/contact-form-7\\\/#breadcrumb\"},\"inLanguage\":\"et\",\"potentialAction\":[{\"@type\":\"ReadAction\",\"target\":[\"https:\\\/\\\/aleksandrposnoi23.thkit.ee\\\/wp\\\/contact-form-7\\\/\"]}]},{\"@type\":\"ImageObject\",\"inLanguage\":\"et\",\"@id\":\"https:\\\/\\\/aleksandrposnoi23.thkit.ee\\\/wp\\\/contact-form-7\\\/#primaryimage\",\"url\":\"https:\\\/\\\/aleksandrposnoi23.thkit.ee\\\/wp\\\/wp-content\\\/uploads\\\/2024\\\/03\\\/pilt-2.png\",\"contentUrl\":\"https:\\\/\\\/aleksandrposnoi23.thkit.ee\\\/wp\\\/wp-content\\\/uploads\\\/2024\\\/03\\\/pilt-2.png\",\"width\":528,\"height\":565},{\"@type\":\"BreadcrumbList\",\"@id\":\"https:\\\/\\\/aleksandrposnoi23.thkit.ee\\\/wp\\\/contact-form-7\\\/#breadcrumb\",\"itemListElement\":[{\"@type\":\"ListItem\",\"position\":1,\"name\":\"Home\",\"item\":\"https:\\\/\\\/aleksandrposnoi23.thkit.ee\\\/wp\\\/\"},{\"@type\":\"ListItem\",\"position\":2,\"name\":\"Contact Form 7\"}]},{\"@type\":\"WebSite\",\"@id\":\"https:\\\/\\\/aleksandrposnoi23.thkit.ee\\\/wp\\\/#website\",\"url\":\"https:\\\/\\\/aleksandrposnoi23.thkit.ee\\\/wp\\\/\",\"name\":\"Aleksandr P\u00f5\u0161n\u00f5i \u00d5ppemap\",\"description\":\"T&ouml;&ouml;stusinformaatika eriala &otilde;pilase &otilde;pimapp\",\"publisher\":{\"@id\":\"https:\\\/\\\/aleksandrposnoi23.thkit.ee\\\/wp\\\/#organization\"},\"potentialAction\":[{\"@type\":\"SearchAction\",\"target\":{\"@type\":\"EntryPoint\",\"urlTemplate\":\"https:\\\/\\\/aleksandrposnoi23.thkit.ee\\\/wp\\\/?s={search_term_string}\"},\"query-input\":{\"@type\":\"PropertyValueSpecification\",\"valueRequired\":true,\"valueName\":\"search_term_string\"}}],\"inLanguage\":\"et\"},{\"@type\":\"Organization\",\"@id\":\"https:\\\/\\\/aleksandrposnoi23.thkit.ee\\\/wp\\\/#organization\",\"name\":\"Aleksandr P\u00f5\u0161n\u00f5i \u00d5ppemap\",\"url\":\"https:\\\/\\\/aleksandrposnoi23.thkit.ee\\\/wp\\\/\",\"logo\":{\"@type\":\"ImageObject\",\"inLanguage\":\"et\",\"@id\":\"https:\\\/\\\/aleksandrposnoi23.thkit.ee\\\/wp\\\/#\\\/schema\\\/logo\\\/image\\\/\",\"url\":\"https:\\\/\\\/aleksandrposnoi23.thkit.ee\\\/wp\\\/wp-content\\\/uploads\\\/2024\\\/04\\\/AUDI-A6-C5-RADIO-CD-FABRYCZNE-AUDI-SYMPHONY-DUZE-Producent-czesci-Audi-OE.jpg\",\"contentUrl\":\"https:\\\/\\\/aleksandrposnoi23.thkit.ee\\\/wp\\\/wp-content\\\/uploads\\\/2024\\\/04\\\/AUDI-A6-C5-RADIO-CD-FABRYCZNE-AUDI-SYMPHONY-DUZE-Producent-czesci-Audi-OE.jpg\",\"width\":600,\"height\":450,\"caption\":\"Aleksandr P\u00f5\u0161n\u00f5i \u00d5ppemap\"},\"image\":{\"@id\":\"https:\\\/\\\/aleksandrposnoi23.thkit.ee\\\/wp\\\/#\\\/schema\\\/logo\\\/image\\\/\"}}]}<\/script>\n<!-- \/ Yoast SEO plugin. -->","yoast_head_json":{"title":"Contact Form 7 - Aleksandr P&otilde;&scaron;n&otilde;i &Otilde;pimapp","robots":{"index":"index","follow":"follow","max-snippet":"max-snippet:-1","max-image-preview":"max-image-preview:large","max-video-preview":"max-video-preview:-1"},"canonical":"https:\/\/aleksandrposnoi23.thkit.ee\/wp\/contact-form-7\/","og_locale":"et_EE","og_type":"article","og_title":"Contact Form 7 - Aleksandr P&otilde;&scaron;n&otilde;i &Otilde;pimapp","og_url":"https:\/\/aleksandrposnoi23.thkit.ee\/wp\/contact-form-7\/","og_site_name":"Aleksandr P&otilde;&scaron;n&otilde;i &Otilde;pimapp","og_image":[{"url":"https:\/\/aleksandrposnoi23.thkit.ee\/wp\/wp-content\/uploads\/2024\/03\/pilt-2.png","type":"","width":"","height":""}],"twitter_card":"summary_large_image","schema":{"@context":"https:\/\/schema.org","@graph":[{"@type":"WebPage","@id":"https:\/\/aleksandrposnoi23.thkit.ee\/wp\/contact-form-7\/","url":"https:\/\/aleksandrposnoi23.thkit.ee\/wp\/contact-form-7\/","name":"Contact Form 7 - Aleksandr P&otilde;&scaron;n&otilde;i &Otilde;pimapp","isPartOf":{"@id":"https:\/\/aleksandrposnoi23.thkit.ee\/wp\/#website"},"primaryImageOfPage":{"@id":"https:\/\/aleksandrposnoi23.thkit.ee\/wp\/contact-form-7\/#primaryimage"},"image":{"@id":"https:\/\/aleksandrposnoi23.thkit.ee\/wp\/contact-form-7\/#primaryimage"},"thumbnailUrl":"https:\/\/aleksandrposnoi23.thkit.ee\/wp\/wp-content\/uploads\/2024\/03\/pilt-2.png","datePublished":"2024-03-22T07:25:15+00:00","breadcrumb":{"@id":"https:\/\/aleksandrposnoi23.thkit.ee\/wp\/contact-form-7\/#breadcrumb"},"inLanguage":"et","potentialAction":[{"@type":"ReadAction","target":["https:\/\/aleksandrposnoi23.thkit.ee\/wp\/contact-form-7\/"]}]},{"@type":"ImageObject","inLanguage":"et","@id":"https:\/\/aleksandrposnoi23.thkit.ee\/wp\/contact-form-7\/#primaryimage","url":"https:\/\/aleksandrposnoi23.thkit.ee\/wp\/wp-content\/uploads\/2024\/03\/pilt-2.png","contentUrl":"https:\/\/aleksandrposnoi23.thkit.ee\/wp\/wp-content\/uploads\/2024\/03\/pilt-2.png","width":528,"height":565},{"@type":"BreadcrumbList","@id":"https:\/\/aleksandrposnoi23.thkit.ee\/wp\/contact-form-7\/#breadcrumb","itemListElement":[{"@type":"ListItem","position":1,"name":"Home","item":"https:\/\/aleksandrposnoi23.thkit.ee\/wp\/"},{"@type":"ListItem","position":2,"name":"Contact Form 7"}]},{"@type":"WebSite","@id":"https:\/\/aleksandrposnoi23.thkit.ee\/wp\/#website","url":"https:\/\/aleksandrposnoi23.thkit.ee\/wp\/","name":"Aleksandr P\u00f5\u0161n\u00f5i \u00d5ppemap","description":"T&ouml;&ouml;stusinformaatika eriala &otilde;pilase &otilde;pimapp","publisher":{"@id":"https:\/\/aleksandrposnoi23.thkit.ee\/wp\/#organization"},"potentialAction":[{"@type":"SearchAction","target":{"@type":"EntryPoint","urlTemplate":"https:\/\/aleksandrposnoi23.thkit.ee\/wp\/?s={search_term_string}"},"query-input":{"@type":"PropertyValueSpecification","valueRequired":true,"valueName":"search_term_string"}}],"inLanguage":"et"},{"@type":"Organization","@id":"https:\/\/aleksandrposnoi23.thkit.ee\/wp\/#organization","name":"Aleksandr P\u00f5\u0161n\u00f5i \u00d5ppemap","url":"https:\/\/aleksandrposnoi23.thkit.ee\/wp\/","logo":{"@type":"ImageObject","inLanguage":"et","@id":"https:\/\/aleksandrposnoi23.thkit.ee\/wp\/#\/schema\/logo\/image\/","url":"https:\/\/aleksandrposnoi23.thkit.ee\/wp\/wp-content\/uploads\/2024\/04\/AUDI-A6-C5-RADIO-CD-FABRYCZNE-AUDI-SYMPHONY-DUZE-Producent-czesci-Audi-OE.jpg","contentUrl":"https:\/\/aleksandrposnoi23.thkit.ee\/wp\/wp-content\/uploads\/2024\/04\/AUDI-A6-C5-RADIO-CD-FABRYCZNE-AUDI-SYMPHONY-DUZE-Producent-czesci-Audi-OE.jpg","width":600,"height":450,"caption":"Aleksandr P\u00f5\u0161n\u00f5i \u00d5ppemap"},"image":{"@id":"https:\/\/aleksandrposnoi23.thkit.ee\/wp\/#\/schema\/logo\/image\/"}}]}},"_links":{"self":[{"href":"https:\/\/aleksandrposnoi23.thkit.ee\/wp\/wp-json\/wp\/v2\/pages\/165","targetHints":{"allow":["GET"]}}],"collection":[{"href":"https:\/\/aleksandrposnoi23.thkit.ee\/wp\/wp-json\/wp\/v2\/pages"}],"about":[{"href":"https:\/\/aleksandrposnoi23.thkit.ee\/wp\/wp-json\/wp\/v2\/types\/page"}],"author":[{"embeddable":true,"href":"https:\/\/aleksandrposnoi23.thkit.ee\/wp\/wp-json\/wp\/v2\/users\/1"}],"replies":[{"embeddable":true,"href":"https:\/\/aleksandrposnoi23.thkit.ee\/wp\/wp-json\/wp\/v2\/comments?post=165"}],"version-history":[{"count":1,"href":"https:\/\/aleksandrposnoi23.thkit.ee\/wp\/wp-json\/wp\/v2\/pages\/165\/revisions"}],"predecessor-version":[{"id":171,"href":"https:\/\/aleksandrposnoi23.thkit.ee\/wp\/wp-json\/wp\/v2\/pages\/165\/revisions\/171"}],"wp:attachment":[{"href":"https:\/\/aleksandrposnoi23.thkit.ee\/wp\/wp-json\/wp\/v2\/media?parent=165"}],"curies":[{"name":"wp","href":"https:\/\/api.w.org\/{rel}","templated":true}]}}