{"id":228,"date":"2024-04-26T06:28:33","date_gmt":"2024-04-26T06:28:33","guid":{"rendered":"https:\/\/aleksandrposnoi23.thkit.ee\/wp\/?page_id=228"},"modified":"2024-04-26T06:36:03","modified_gmt":"2024-04-26T06:36:03","slug":"js-puzzle-2","status":"publish","type":"page","link":"https:\/\/aleksandrposnoi23.thkit.ee\/wp\/js-puzzle-2\/","title":{"rendered":"Js Puzzle"},"content":{"rendered":"\n<h1>Tee \u00f5ige pilt!<\/h1>\n<br>\nSee on \u00f5ige pilt:\n<br>\n<img decoding=\"async\" src=\"1200px-Lufthansa.a321-100.d-aire.arp.jpg\" width=\"300\">\n<br>\nTee oma valik:\n<br>\n<img loading=\"lazy\" decoding=\"async\" src=\"https:\/\/aleksandrposnoi23.thkit.ee\/wp\/wp-content\/uploads\/2024\/04\/image_part_006.png\" alt=\"pilt\" id=\"pilt17\" width=\"150\" height=\"150\" border=\"1\" onclick=\"valikPilt(this)\">\n<img loading=\"lazy\" decoding=\"async\" src=\"https:\/\/aleksandrposnoi23.thkit.ee\/wp\/wp-content\/uploads\/2024\/04\/image_part_007.png\" alt=\"pilt\" id=\"pilt16\" width=\"150\" height=\"150\" border=\"1\" onclick=\"valikPilt(this)\">\n<img loading=\"lazy\" decoding=\"async\" src=\"https:\/\/aleksandrposnoi23.thkit.ee\/wp\/wp-content\/uploads\/2024\/04\/lill.png\" alt=\"pilt\" id=\"pilt5\" width=\"150\" height=\"150\" border=\"1\" onclick=\"valikPilt(this)\">\n<img loading=\"lazy\" decoding=\"async\" src=\"https:\/\/aleksandrposnoi23.thkit.ee\/wp\/wp-content\/uploads\/2024\/04\/image_part_005.png\" alt=\"pilt\" id=\"pilt15\" width=\"150\" height=\"150\" border=\"1\" onclick=\"valikPilt(this)\">\n<img loading=\"lazy\" decoding=\"async\" src=\"https:\/\/aleksandrposnoi23.thkit.ee\/wp\/wp-content\/uploads\/2024\/04\/image_part_008.png\" alt=\"pilt\" id=\"pilt14\" width=\"150\" height=\"150\" border=\"1\" onclick=\"valikPilt(this)\">\n<img loading=\"lazy\" decoding=\"async\" src=\"https:\/\/aleksandrposnoi23.thkit.ee\/wp\/wp-content\/uploads\/2024\/04\/kast.png alt=\"pilt\" id=\"pilt6\" width=\"150\" height=\"150\" border=\"1\" onclick=\"valikPilt(this)\">\n<img loading=\"lazy\" decoding=\"async\" src=\"https:\/\/aleksandrposnoi23.thkit.ee\/wp\/wp-content\/uploads\/2024\/04\/image_part_002.png\" alt=\"pilt\" id=\"pilt13\" width=\"150\" height=\"150\" border=\"1\" onclick=\"valikPilt(this)\">\n<img loading=\"lazy\" decoding=\"async\" src=\"https:\/\/aleksandrposnoi23.thkit.ee\/wp\/wp-content\/uploads\/2024\/04\/image_part_004.png\" alt=\"pilt\" id=\"pilt12\" width=\"150\" height=\"150\" border=\"1\" onclick=\"valikPilt(this)\">\n<img loading=\"lazy\" decoding=\"async\" src=\"https:\/\/aleksandrposnoi23.thkit.ee\/wp\/wp-content\/uploads\/2024\/04\/auto.png\" alt=\"pilt\" id=\"pilt7\" width=\"150\" height=\"150\" border=\"1\" onclick=\"valikPilt(this)\">\n<img loading=\"lazy\" decoding=\"async\" src=\"https:\/\/aleksandrposnoi23.thkit.ee\/wp\/wp-content\/uploads\/2024\/04\/image_part_001.png\" alt=\"pilt\" id=\"pilt10\" width=\"150\" height=\"150\" border=\"1\" onclick=\"valikPilt(this)\">\n<img loading=\"lazy\" decoding=\"async\" src=\"https:\/\/aleksandrposnoi23.thkit.ee\/wp\/wp-content\/uploads\/2024\/04\/image_part_003.png\" alt=\"pilt\" id=\"pilt11\" width=\"150\" height=\"150\" border=\"1\" onclick=\"valikPilt(this)\">\n<img loading=\"lazy\" decoding=\"async\" src=\"https:\/\/aleksandrposnoi23.thkit.ee\/wp\/wp-content\/uploads\/2024\/04\/image_part_009.png\" alt=\"pilt\" id=\"pilt23\" width=\"150\" height=\"150\" border=\"1\" onclick=\"valikPilt(this)\">\n<br>\nTehtud valik:\n<br>\n<img loading=\"lazy\" decoding=\"async\" src=\"https:\/\/aleksandrposnoi23.thkit.ee\/wp\/wp-content\/uploads\/2024\/04\/tyhi.png\" alt=\"pilt\" id=\"pilt8\" width=\"150\" height=\"150\" border=\"1\">\n<br>\n&#8212;&#8212;&#8212;&#8212;&#8212;&#8212;&#8212;&#8212;&#8212;&#8212;&#8212;&#8212;&#8212;&#8212;&#8212;&#8212;&#8212;&#8212;&#8212;&#8212;&#8212;&#8212;\n<br>\n<img loading=\"lazy\" decoding=\"async\" src=\"https:\/\/aleksandrposnoi23.thkit.ee\/wp\/wp-content\/uploads\/2024\/04\/tyhi.png\" alt=\"pilt\" id=\"pilt1\" width=\"150\" height=\"150\" onclick=\"klick(this)\">\n<img loading=\"lazy\" decoding=\"async\" src=\"https:\/\/aleksandrposnoi23.thkit.ee\/wp\/wp-content\/uploads\/2024\/04\/tyhi.png\" alt=\"pilt\" id=\"pilt2\" width=\"150\" height=\"150\" onclick=\"klick(this)\">\n<img loading=\"lazy\" decoding=\"async\" src=\"https:\/\/aleksandrposnoi23.thkit.ee\/wp\/wp-content\/uploads\/2024\/04\/tyhi.png\" alt=\"pilt\" id=\"pilt18\" width=\"150\" height=\"150\" onclick=\"klick(this)\">\n<br>\n<img loading=\"lazy\" decoding=\"async\" src=\"https:\/\/aleksandrposnoi23.thkit.ee\/wp\/wp-content\/uploads\/2024\/04\/tyhi.png\" alt=\"pilt\" id=\"pilt3\" width=\"150\" height=\"150\" onclick=\"klick(this)\">\n<img loading=\"lazy\" decoding=\"async\" src=\"https:\/\/aleksandrposnoi23.thkit.ee\/wp\/wp-content\/uploads\/2024\/04\/tyhi.png\" alt=\"pilt\" id=\"pilt4\" width=\"150\" height=\"150\" onclick=\"klick(this)\">\n<img loading=\"lazy\" decoding=\"async\" src=\"https:\/\/aleksandrposnoi23.thkit.ee\/wp\/wp-content\/uploads\/2024\/04\/tyhi.png\" alt=\"pilt\" id=\"pilt19\" width=\"150\" height=\"150\" onclick=\"klick(this)\">\n<br>\n<img loading=\"lazy\" decoding=\"async\" src=\"https:\/\/aleksandrposnoi23.thkit.ee\/wp\/wp-content\/uploads\/2024\/04\/tyhi.png\" alt=\"pilt\" id=\"pilt20\" width=\"150\" height=\"150\" onclick=\"klick(this)\">\n<img loading=\"lazy\" decoding=\"async\" src=\"https:\/\/aleksandrposnoi23.thkit.ee\/wp\/wp-content\/uploads\/2024\/04\/tyhi.png\" alt=\"pilt\" id=\"pilt21\" width=\"150\" height=\"150\" onclick=\"klick(this)\">\n<img loading=\"lazy\" decoding=\"async\" src=\"https:\/\/aleksandrposnoi23.thkit.ee\/wp\/wp-content\/uploads\/2024\/04\/tyhi.png\" alt=\"pilt\" id=\"pilt22\" width=\"150\" height=\"150\" onclick=\"klick(this)\">\n\n\n\n<script>\nlet kellekord=\"lill.png\";\nfunction klick(pilt){\n\n    pilt.src=kellekord;\n\n    \/*if(kellekord==\"lill.png\"){\n        kellekord=\"kast.png\"\n    } else {\n        kellekord=\"lill.png\"\n    }*\/\n}\nfunction valikPilt(pilt){\n    kellekord=pilt.src;\n    document.getElementById(\"pilt8\").src=kellekord;\n}\n<\/script>\n","protected":false},"excerpt":{"rendered":"<p>Tee \u00f5ige pilt! See on \u00f5ige pilt: Tee oma valik:<\/p>\n","protected":false},"author":1,"featured_media":0,"parent":0,"menu_order":0,"comment_status":"closed","ping_status":"closed","template":"","meta":{"footnotes":""},"class_list":["post-228","page","type-page","status-publish","hentry"],"yoast_head":"<!-- This site is optimized with the Yoast SEO plugin v27.3 - https:\/\/yoast.com\/product\/yoast-seo-wordpress\/ -->\n<title>Js Puzzle - Aleksandr P&otilde;&scaron;n&otilde;i &Otilde;pimapp<\/title>\n<meta name=\"robots\" content=\"index, follow, max-snippet:-1, max-image-preview:large, max-video-preview:-1\" \/>\n<link rel=\"canonical\" href=\"https:\/\/aleksandrposnoi23.thkit.ee\/wp\/js-puzzle-2\/\" \/>\n<meta property=\"og:locale\" content=\"et_EE\" \/>\n<meta property=\"og:type\" content=\"article\" \/>\n<meta property=\"og:title\" content=\"Js Puzzle - Aleksandr P&otilde;&scaron;n&otilde;i &Otilde;pimapp\" \/>\n<meta property=\"og:description\" content=\"Tee \u00f5ige pilt! See on \u00f5ige pilt: Tee oma valik:\" \/>\n<meta property=\"og:url\" content=\"https:\/\/aleksandrposnoi23.thkit.ee\/wp\/js-puzzle-2\/\" \/>\n<meta property=\"og:site_name\" content=\"Aleksandr P&otilde;&scaron;n&otilde;i &Otilde;pimapp\" \/>\n<meta property=\"article:modified_time\" content=\"2024-04-26T06:36:03+00:00\" \/>\n<meta property=\"og:image\" content=\"https:\/\/aleksandrposnoi23.thkit.ee\/wp\/wp-content\/uploads\/2024\/04\/image_part_006.png\" \/>\n<meta name=\"twitter:card\" content=\"summary_large_image\" \/>\n<script type=\"application\/ld+json\" class=\"yoast-schema-graph\">{\"@context\":\"https:\\\/\\\/schema.org\",\"@graph\":[{\"@type\":\"WebPage\",\"@id\":\"https:\\\/\\\/aleksandrposnoi23.thkit.ee\\\/wp\\\/js-puzzle-2\\\/\",\"url\":\"https:\\\/\\\/aleksandrposnoi23.thkit.ee\\\/wp\\\/js-puzzle-2\\\/\",\"name\":\"Js Puzzle - Aleksandr P&otilde;&scaron;n&otilde;i &Otilde;pimapp\",\"isPartOf\":{\"@id\":\"https:\\\/\\\/aleksandrposnoi23.thkit.ee\\\/wp\\\/#website\"},\"primaryImageOfPage\":{\"@id\":\"https:\\\/\\\/aleksandrposnoi23.thkit.ee\\\/wp\\\/js-puzzle-2\\\/#primaryimage\"},\"image\":{\"@id\":\"https:\\\/\\\/aleksandrposnoi23.thkit.ee\\\/wp\\\/js-puzzle-2\\\/#primaryimage\"},\"thumbnailUrl\":\"https:\\\/\\\/aleksandrposnoi23.thkit.ee\\\/wp\\\/wp-content\\\/uploads\\\/2024\\\/04\\\/image_part_006.png\",\"datePublished\":\"2024-04-26T06:28:33+00:00\",\"dateModified\":\"2024-04-26T06:36:03+00:00\",\"breadcrumb\":{\"@id\":\"https:\\\/\\\/aleksandrposnoi23.thkit.ee\\\/wp\\\/js-puzzle-2\\\/#breadcrumb\"},\"inLanguage\":\"et\",\"potentialAction\":[{\"@type\":\"ReadAction\",\"target\":[\"https:\\\/\\\/aleksandrposnoi23.thkit.ee\\\/wp\\\/js-puzzle-2\\\/\"]}]},{\"@type\":\"ImageObject\",\"inLanguage\":\"et\",\"@id\":\"https:\\\/\\\/aleksandrposnoi23.thkit.ee\\\/wp\\\/js-puzzle-2\\\/#primaryimage\",\"url\":\"https:\\\/\\\/aleksandrposnoi23.thkit.ee\\\/wp\\\/wp-content\\\/uploads\\\/2024\\\/04\\\/image_part_006.png\",\"contentUrl\":\"https:\\\/\\\/aleksandrposnoi23.thkit.ee\\\/wp\\\/wp-content\\\/uploads\\\/2024\\\/04\\\/image_part_006.png\",\"width\":400,\"height\":270},{\"@type\":\"BreadcrumbList\",\"@id\":\"https:\\\/\\\/aleksandrposnoi23.thkit.ee\\\/wp\\\/js-puzzle-2\\\/#breadcrumb\",\"itemListElement\":[{\"@type\":\"ListItem\",\"position\":1,\"name\":\"Home\",\"item\":\"https:\\\/\\\/aleksandrposnoi23.thkit.ee\\\/wp\\\/\"},{\"@type\":\"ListItem\",\"position\":2,\"name\":\"Js Puzzle\"}]},{\"@type\":\"WebSite\",\"@id\":\"https:\\\/\\\/aleksandrposnoi23.thkit.ee\\\/wp\\\/#website\",\"url\":\"https:\\\/\\\/aleksandrposnoi23.thkit.ee\\\/wp\\\/\",\"name\":\"Aleksandr P\u00f5\u0161n\u00f5i \u00d5ppemap\",\"description\":\"T&ouml;&ouml;stusinformaatika eriala &otilde;pilase &otilde;pimapp\",\"publisher\":{\"@id\":\"https:\\\/\\\/aleksandrposnoi23.thkit.ee\\\/wp\\\/#organization\"},\"potentialAction\":[{\"@type\":\"SearchAction\",\"target\":{\"@type\":\"EntryPoint\",\"urlTemplate\":\"https:\\\/\\\/aleksandrposnoi23.thkit.ee\\\/wp\\\/?s={search_term_string}\"},\"query-input\":{\"@type\":\"PropertyValueSpecification\",\"valueRequired\":true,\"valueName\":\"search_term_string\"}}],\"inLanguage\":\"et\"},{\"@type\":\"Organization\",\"@id\":\"https:\\\/\\\/aleksandrposnoi23.thkit.ee\\\/wp\\\/#organization\",\"name\":\"Aleksandr P\u00f5\u0161n\u00f5i \u00d5ppemap\",\"url\":\"https:\\\/\\\/aleksandrposnoi23.thkit.ee\\\/wp\\\/\",\"logo\":{\"@type\":\"ImageObject\",\"inLanguage\":\"et\",\"@id\":\"https:\\\/\\\/aleksandrposnoi23.thkit.ee\\\/wp\\\/#\\\/schema\\\/logo\\\/image\\\/\",\"url\":\"https:\\\/\\\/aleksandrposnoi23.thkit.ee\\\/wp\\\/wp-content\\\/uploads\\\/2024\\\/04\\\/AUDI-A6-C5-RADIO-CD-FABRYCZNE-AUDI-SYMPHONY-DUZE-Producent-czesci-Audi-OE.jpg\",\"contentUrl\":\"https:\\\/\\\/aleksandrposnoi23.thkit.ee\\\/wp\\\/wp-content\\\/uploads\\\/2024\\\/04\\\/AUDI-A6-C5-RADIO-CD-FABRYCZNE-AUDI-SYMPHONY-DUZE-Producent-czesci-Audi-OE.jpg\",\"width\":600,\"height\":450,\"caption\":\"Aleksandr P\u00f5\u0161n\u00f5i \u00d5ppemap\"},\"image\":{\"@id\":\"https:\\\/\\\/aleksandrposnoi23.thkit.ee\\\/wp\\\/#\\\/schema\\\/logo\\\/image\\\/\"}}]}<\/script>\n<!-- \/ Yoast SEO plugin. -->","yoast_head_json":{"title":"Js Puzzle - Aleksandr P&otilde;&scaron;n&otilde;i &Otilde;pimapp","robots":{"index":"index","follow":"follow","max-snippet":"max-snippet:-1","max-image-preview":"max-image-preview:large","max-video-preview":"max-video-preview:-1"},"canonical":"https:\/\/aleksandrposnoi23.thkit.ee\/wp\/js-puzzle-2\/","og_locale":"et_EE","og_type":"article","og_title":"Js Puzzle - Aleksandr P&otilde;&scaron;n&otilde;i &Otilde;pimapp","og_description":"Tee \u00f5ige pilt! See on \u00f5ige pilt: Tee oma valik:","og_url":"https:\/\/aleksandrposnoi23.thkit.ee\/wp\/js-puzzle-2\/","og_site_name":"Aleksandr P&otilde;&scaron;n&otilde;i &Otilde;pimapp","article_modified_time":"2024-04-26T06:36:03+00:00","og_image":[{"url":"https:\/\/aleksandrposnoi23.thkit.ee\/wp\/wp-content\/uploads\/2024\/04\/image_part_006.png","type":"","width":"","height":""}],"twitter_card":"summary_large_image","schema":{"@context":"https:\/\/schema.org","@graph":[{"@type":"WebPage","@id":"https:\/\/aleksandrposnoi23.thkit.ee\/wp\/js-puzzle-2\/","url":"https:\/\/aleksandrposnoi23.thkit.ee\/wp\/js-puzzle-2\/","name":"Js Puzzle - Aleksandr P&otilde;&scaron;n&otilde;i &Otilde;pimapp","isPartOf":{"@id":"https:\/\/aleksandrposnoi23.thkit.ee\/wp\/#website"},"primaryImageOfPage":{"@id":"https:\/\/aleksandrposnoi23.thkit.ee\/wp\/js-puzzle-2\/#primaryimage"},"image":{"@id":"https:\/\/aleksandrposnoi23.thkit.ee\/wp\/js-puzzle-2\/#primaryimage"},"thumbnailUrl":"https:\/\/aleksandrposnoi23.thkit.ee\/wp\/wp-content\/uploads\/2024\/04\/image_part_006.png","datePublished":"2024-04-26T06:28:33+00:00","dateModified":"2024-04-26T06:36:03+00:00","breadcrumb":{"@id":"https:\/\/aleksandrposnoi23.thkit.ee\/wp\/js-puzzle-2\/#breadcrumb"},"inLanguage":"et","potentialAction":[{"@type":"ReadAction","target":["https:\/\/aleksandrposnoi23.thkit.ee\/wp\/js-puzzle-2\/"]}]},{"@type":"ImageObject","inLanguage":"et","@id":"https:\/\/aleksandrposnoi23.thkit.ee\/wp\/js-puzzle-2\/#primaryimage","url":"https:\/\/aleksandrposnoi23.thkit.ee\/wp\/wp-content\/uploads\/2024\/04\/image_part_006.png","contentUrl":"https:\/\/aleksandrposnoi23.thkit.ee\/wp\/wp-content\/uploads\/2024\/04\/image_part_006.png","width":400,"height":270},{"@type":"BreadcrumbList","@id":"https:\/\/aleksandrposnoi23.thkit.ee\/wp\/js-puzzle-2\/#breadcrumb","itemListElement":[{"@type":"ListItem","position":1,"name":"Home","item":"https:\/\/aleksandrposnoi23.thkit.ee\/wp\/"},{"@type":"ListItem","position":2,"name":"Js Puzzle"}]},{"@type":"WebSite","@id":"https:\/\/aleksandrposnoi23.thkit.ee\/wp\/#website","url":"https:\/\/aleksandrposnoi23.thkit.ee\/wp\/","name":"Aleksandr P\u00f5\u0161n\u00f5i \u00d5ppemap","description":"T&ouml;&ouml;stusinformaatika eriala &otilde;pilase &otilde;pimapp","publisher":{"@id":"https:\/\/aleksandrposnoi23.thkit.ee\/wp\/#organization"},"potentialAction":[{"@type":"SearchAction","target":{"@type":"EntryPoint","urlTemplate":"https:\/\/aleksandrposnoi23.thkit.ee\/wp\/?s={search_term_string}"},"query-input":{"@type":"PropertyValueSpecification","valueRequired":true,"valueName":"search_term_string"}}],"inLanguage":"et"},{"@type":"Organization","@id":"https:\/\/aleksandrposnoi23.thkit.ee\/wp\/#organization","name":"Aleksandr P\u00f5\u0161n\u00f5i \u00d5ppemap","url":"https:\/\/aleksandrposnoi23.thkit.ee\/wp\/","logo":{"@type":"ImageObject","inLanguage":"et","@id":"https:\/\/aleksandrposnoi23.thkit.ee\/wp\/#\/schema\/logo\/image\/","url":"https:\/\/aleksandrposnoi23.thkit.ee\/wp\/wp-content\/uploads\/2024\/04\/AUDI-A6-C5-RADIO-CD-FABRYCZNE-AUDI-SYMPHONY-DUZE-Producent-czesci-Audi-OE.jpg","contentUrl":"https:\/\/aleksandrposnoi23.thkit.ee\/wp\/wp-content\/uploads\/2024\/04\/AUDI-A6-C5-RADIO-CD-FABRYCZNE-AUDI-SYMPHONY-DUZE-Producent-czesci-Audi-OE.jpg","width":600,"height":450,"caption":"Aleksandr P\u00f5\u0161n\u00f5i \u00d5ppemap"},"image":{"@id":"https:\/\/aleksandrposnoi23.thkit.ee\/wp\/#\/schema\/logo\/image\/"}}]}},"_links":{"self":[{"href":"https:\/\/aleksandrposnoi23.thkit.ee\/wp\/wp-json\/wp\/v2\/pages\/228","targetHints":{"allow":["GET"]}}],"collection":[{"href":"https:\/\/aleksandrposnoi23.thkit.ee\/wp\/wp-json\/wp\/v2\/pages"}],"about":[{"href":"https:\/\/aleksandrposnoi23.thkit.ee\/wp\/wp-json\/wp\/v2\/types\/page"}],"author":[{"embeddable":true,"href":"https:\/\/aleksandrposnoi23.thkit.ee\/wp\/wp-json\/wp\/v2\/users\/1"}],"replies":[{"embeddable":true,"href":"https:\/\/aleksandrposnoi23.thkit.ee\/wp\/wp-json\/wp\/v2\/comments?post=228"}],"version-history":[{"count":9,"href":"https:\/\/aleksandrposnoi23.thkit.ee\/wp\/wp-json\/wp\/v2\/pages\/228\/revisions"}],"predecessor-version":[{"id":240,"href":"https:\/\/aleksandrposnoi23.thkit.ee\/wp\/wp-json\/wp\/v2\/pages\/228\/revisions\/240"}],"wp:attachment":[{"href":"https:\/\/aleksandrposnoi23.thkit.ee\/wp\/wp-json\/wp\/v2\/media?parent=228"}],"curies":[{"name":"wp","href":"https:\/\/api.w.org\/{rel}","templated":true}]}}