{"id":403,"date":"2025-09-15T10:44:51","date_gmt":"2025-09-15T10:44:51","guid":{"rendered":"https:\/\/aleksandrposnoi23.thkit.ee\/wp\/?page_id=403"},"modified":"2025-09-15T11:24:10","modified_gmt":"2025-09-15T11:24:10","slug":"mat-funktsioonid","status":"publish","type":"page","link":"https:\/\/aleksandrposnoi23.thkit.ee\/wp\/mat-funktsioonid\/","title":{"rendered":"Mat. funktsioonid"},"content":{"rendered":"\n<p>n\u00e4ide funktsioonidest, mida ma kasutasin<\/p>\n\n\n\n<figure class=\"wp-block-image size-full\"><img loading=\"lazy\" decoding=\"async\" width=\"850\" height=\"558\" src=\"https:\/\/aleksandrposnoi23.thkit.ee\/wp\/wp-content\/uploads\/2025\/09\/EDA84286-8FD1-4797-B913-1A79EFCDF2F3.png\" alt=\"\" class=\"wp-image-416\" srcset=\"https:\/\/aleksandrposnoi23.thkit.ee\/wp\/wp-content\/uploads\/2025\/09\/EDA84286-8FD1-4797-B913-1A79EFCDF2F3.png 850w, https:\/\/aleksandrposnoi23.thkit.ee\/wp\/wp-content\/uploads\/2025\/09\/EDA84286-8FD1-4797-B913-1A79EFCDF2F3-300x197.png 300w, https:\/\/aleksandrposnoi23.thkit.ee\/wp\/wp-content\/uploads\/2025\/09\/EDA84286-8FD1-4797-B913-1A79EFCDF2F3-768x504.png 768w, https:\/\/aleksandrposnoi23.thkit.ee\/wp\/wp-content\/uploads\/2025\/09\/EDA84286-8FD1-4797-B913-1A79EFCDF2F3-600x394.png 600w\" sizes=\"auto, (max-width: 850px) 100vw, 850px\" \/><\/figure>\n\n\n\n<p>n\u00e4ited, mille ma lahendasin<\/p>\n\n\n\n<figure class=\"wp-block-image size-full\"><img loading=\"lazy\" decoding=\"async\" width=\"388\" height=\"638\" src=\"https:\/\/aleksandrposnoi23.thkit.ee\/wp\/wp-content\/uploads\/2025\/09\/BE9172FB-230B-4B7F-9AE2-DCB082993773.png\" alt=\"\" class=\"wp-image-417\" srcset=\"https:\/\/aleksandrposnoi23.thkit.ee\/wp\/wp-content\/uploads\/2025\/09\/BE9172FB-230B-4B7F-9AE2-DCB082993773.png 388w, https:\/\/aleksandrposnoi23.thkit.ee\/wp\/wp-content\/uploads\/2025\/09\/BE9172FB-230B-4B7F-9AE2-DCB082993773-182x300.png 182w\" sizes=\"auto, (max-width: 388px) 100vw, 388px\" \/><\/figure>\n\n\n\n<p>ja siin on iga lahendus<br><\/p>\n\n\n\n<p>=(a*b\/c_)<br>=a\/(b*c_)<br>=ROUND((a+x)\/(b+y); 4)<br>=(a+x)\/(b*y)<br>=ROUND((PI()<em>(a+x)<\/em>(a+x))\/(b*<em>b<\/em>*y*<em>y<\/em>*y);4)<br>=ROUND(SQRT(((x*<em>x)+(y<\/em>*y)));3)<br>=ROUND(POWER(((x*<em>x)+(y<\/em>*y));1\/3);4)<br>=ROUND(POWER((y+c_*c_)\/(a+b);3\/4);4)<br>=ROUND(LOG(((a*<em>a<\/em>*a)+POWER(((x*x)+2,76);1\/3));10);4)<br>=ROUND((2<em>POWER(EXP(1);x)+POWER(EXP(1);-2<\/em>x))\/(a*<em>a+b<\/em>*b);4)<br>=ROUND((SIN(2<em>x)+COS(x<\/em>x)-((SIN(x))*(SIN(x))));4)<br>=POWER(SQRT(2+SQRT(3));b)+POWER(SQRT(2-SQRT(3));b)<br>=MDETERM(J2:K3)<br>=BIN2DEC(110)<br>=FACT(a)<\/p>\n","protected":false},"excerpt":{"rendered":"<p>n\u00e4ide funktsioonidest, mida ma kasutasin n\u00e4ited, mille ma lahendasin ja siin on iga lahendus =(a*b\/c_)=a\/(b*c_)=ROUND((a+x)\/(b+y); 4)=(a+x)\/(b*y)=ROUND((PI()(a+x)(a+x))\/(b*b*y*y*y);4)=ROUND(SQRT(((x*x)+(y*y)));3)=ROUND(POWER(((x*x)+(y*y));1\/3);4)=ROUND(POWER((y+c_*c_)\/(a+b);3\/4);4)=ROUND(LOG(((a*a*a)+POWER(((x*x)+2,76);1\/3));10);4)=ROUND((2POWER(EXP(1);x)+POWER(EXP(1);-2x))\/(a*a+b*b);4)=ROUND((SIN(2x)+COS(xx)-((SIN(x))*(SIN(x))));4)=POWER(SQRT(2+SQRT(3));b)+POWER(SQRT(2-SQRT(3));b)=MDETERM(J2:K3)=BIN2DEC(110)=FACT(a)<\/p>\n","protected":false},"author":1,"featured_media":0,"parent":0,"menu_order":0,"comment_status":"closed","ping_status":"closed","template":"","meta":{"footnotes":""},"class_list":["post-403","page","type-page","status-publish","hentry"],"yoast_head":"<!-- This site is optimized with the Yoast SEO plugin v27.3 - https:\/\/yoast.com\/product\/yoast-seo-wordpress\/ -->\n<title>Mat. funktsioonid - Aleksandr P&otilde;&scaron;n&otilde;i &Otilde;pimapp<\/title>\n<meta name=\"robots\" content=\"index, follow, max-snippet:-1, max-image-preview:large, max-video-preview:-1\" \/>\n<link rel=\"canonical\" href=\"https:\/\/aleksandrposnoi23.thkit.ee\/wp\/mat-funktsioonid\/\" \/>\n<meta property=\"og:locale\" content=\"et_EE\" \/>\n<meta property=\"og:type\" content=\"article\" \/>\n<meta property=\"og:title\" content=\"Mat. funktsioonid - Aleksandr P&otilde;&scaron;n&otilde;i &Otilde;pimapp\" \/>\n<meta property=\"og:description\" content=\"n\u00e4ide funktsioonidest, mida ma kasutasin n\u00e4ited, mille ma lahendasin ja siin on iga lahendus =(a*b\/c_)=a\/(b*c_)=ROUND((a+x)\/(b+y); 4)=(a+x)\/(b*y)=ROUND((PI()(a+x)(a+x))\/(b*b*y*y*y);4)=ROUND(SQRT(((x*x)+(y*y)));3)=ROUND(POWER(((x*x)+(y*y));1\/3);4)=ROUND(POWER((y+c_*c_)\/(a+b);3\/4);4)=ROUND(LOG(((a*a*a)+POWER(((x*x)+2,76);1\/3));10);4)=ROUND((2POWER(EXP(1);x)+POWER(EXP(1);-2x))\/(a*a+b*b);4)=ROUND((SIN(2x)+COS(xx)-((SIN(x))*(SIN(x))));4)=POWER(SQRT(2+SQRT(3));b)+POWER(SQRT(2-SQRT(3));b)=MDETERM(J2:K3)=BIN2DEC(110)=FACT(a)\" \/>\n<meta property=\"og:url\" content=\"https:\/\/aleksandrposnoi23.thkit.ee\/wp\/mat-funktsioonid\/\" \/>\n<meta property=\"og:site_name\" content=\"Aleksandr P&otilde;&scaron;n&otilde;i &Otilde;pimapp\" \/>\n<meta property=\"article:modified_time\" content=\"2025-09-15T11:24:10+00:00\" \/>\n<meta property=\"og:image\" content=\"https:\/\/aleksandrposnoi23.thkit.ee\/wp\/wp-content\/uploads\/2025\/09\/EDA84286-8FD1-4797-B913-1A79EFCDF2F3.png\" \/>\n\t<meta property=\"og:image:width\" content=\"850\" \/>\n\t<meta property=\"og:image:height\" content=\"558\" \/>\n\t<meta property=\"og:image:type\" content=\"image\/png\" \/>\n<meta name=\"twitter:card\" content=\"summary_large_image\" \/>\n<meta name=\"twitter:label1\" content=\"Est. reading time\" \/>\n\t<meta name=\"twitter:data1\" content=\"1 minut\" \/>\n<script type=\"application\/ld+json\" class=\"yoast-schema-graph\">{\"@context\":\"https:\\\/\\\/schema.org\",\"@graph\":[{\"@type\":\"WebPage\",\"@id\":\"https:\\\/\\\/aleksandrposnoi23.thkit.ee\\\/wp\\\/mat-funktsioonid\\\/\",\"url\":\"https:\\\/\\\/aleksandrposnoi23.thkit.ee\\\/wp\\\/mat-funktsioonid\\\/\",\"name\":\"Mat. funktsioonid - Aleksandr P&otilde;&scaron;n&otilde;i &Otilde;pimapp\",\"isPartOf\":{\"@id\":\"https:\\\/\\\/aleksandrposnoi23.thkit.ee\\\/wp\\\/#website\"},\"primaryImageOfPage\":{\"@id\":\"https:\\\/\\\/aleksandrposnoi23.thkit.ee\\\/wp\\\/mat-funktsioonid\\\/#primaryimage\"},\"image\":{\"@id\":\"https:\\\/\\\/aleksandrposnoi23.thkit.ee\\\/wp\\\/mat-funktsioonid\\\/#primaryimage\"},\"thumbnailUrl\":\"https:\\\/\\\/aleksandrposnoi23.thkit.ee\\\/wp\\\/wp-content\\\/uploads\\\/2025\\\/09\\\/EDA84286-8FD1-4797-B913-1A79EFCDF2F3.png\",\"datePublished\":\"2025-09-15T10:44:51+00:00\",\"dateModified\":\"2025-09-15T11:24:10+00:00\",\"breadcrumb\":{\"@id\":\"https:\\\/\\\/aleksandrposnoi23.thkit.ee\\\/wp\\\/mat-funktsioonid\\\/#breadcrumb\"},\"inLanguage\":\"et\",\"potentialAction\":[{\"@type\":\"ReadAction\",\"target\":[\"https:\\\/\\\/aleksandrposnoi23.thkit.ee\\\/wp\\\/mat-funktsioonid\\\/\"]}]},{\"@type\":\"ImageObject\",\"inLanguage\":\"et\",\"@id\":\"https:\\\/\\\/aleksandrposnoi23.thkit.ee\\\/wp\\\/mat-funktsioonid\\\/#primaryimage\",\"url\":\"https:\\\/\\\/aleksandrposnoi23.thkit.ee\\\/wp\\\/wp-content\\\/uploads\\\/2025\\\/09\\\/EDA84286-8FD1-4797-B913-1A79EFCDF2F3.png\",\"contentUrl\":\"https:\\\/\\\/aleksandrposnoi23.thkit.ee\\\/wp\\\/wp-content\\\/uploads\\\/2025\\\/09\\\/EDA84286-8FD1-4797-B913-1A79EFCDF2F3.png\",\"width\":850,\"height\":558},{\"@type\":\"BreadcrumbList\",\"@id\":\"https:\\\/\\\/aleksandrposnoi23.thkit.ee\\\/wp\\\/mat-funktsioonid\\\/#breadcrumb\",\"itemListElement\":[{\"@type\":\"ListItem\",\"position\":1,\"name\":\"Home\",\"item\":\"https:\\\/\\\/aleksandrposnoi23.thkit.ee\\\/wp\\\/\"},{\"@type\":\"ListItem\",\"position\":2,\"name\":\"Mat. funktsioonid\"}]},{\"@type\":\"WebSite\",\"@id\":\"https:\\\/\\\/aleksandrposnoi23.thkit.ee\\\/wp\\\/#website\",\"url\":\"https:\\\/\\\/aleksandrposnoi23.thkit.ee\\\/wp\\\/\",\"name\":\"Aleksandr P\u00f5\u0161n\u00f5i \u00d5ppemap\",\"description\":\"T&ouml;&ouml;stusinformaatika eriala &otilde;pilase &otilde;pimapp\",\"publisher\":{\"@id\":\"https:\\\/\\\/aleksandrposnoi23.thkit.ee\\\/wp\\\/#organization\"},\"potentialAction\":[{\"@type\":\"SearchAction\",\"target\":{\"@type\":\"EntryPoint\",\"urlTemplate\":\"https:\\\/\\\/aleksandrposnoi23.thkit.ee\\\/wp\\\/?s={search_term_string}\"},\"query-input\":{\"@type\":\"PropertyValueSpecification\",\"valueRequired\":true,\"valueName\":\"search_term_string\"}}],\"inLanguage\":\"et\"},{\"@type\":\"Organization\",\"@id\":\"https:\\\/\\\/aleksandrposnoi23.thkit.ee\\\/wp\\\/#organization\",\"name\":\"Aleksandr P\u00f5\u0161n\u00f5i \u00d5ppemap\",\"url\":\"https:\\\/\\\/aleksandrposnoi23.thkit.ee\\\/wp\\\/\",\"logo\":{\"@type\":\"ImageObject\",\"inLanguage\":\"et\",\"@id\":\"https:\\\/\\\/aleksandrposnoi23.thkit.ee\\\/wp\\\/#\\\/schema\\\/logo\\\/image\\\/\",\"url\":\"https:\\\/\\\/aleksandrposnoi23.thkit.ee\\\/wp\\\/wp-content\\\/uploads\\\/2024\\\/04\\\/AUDI-A6-C5-RADIO-CD-FABRYCZNE-AUDI-SYMPHONY-DUZE-Producent-czesci-Audi-OE.jpg\",\"contentUrl\":\"https:\\\/\\\/aleksandrposnoi23.thkit.ee\\\/wp\\\/wp-content\\\/uploads\\\/2024\\\/04\\\/AUDI-A6-C5-RADIO-CD-FABRYCZNE-AUDI-SYMPHONY-DUZE-Producent-czesci-Audi-OE.jpg\",\"width\":600,\"height\":450,\"caption\":\"Aleksandr P\u00f5\u0161n\u00f5i \u00d5ppemap\"},\"image\":{\"@id\":\"https:\\\/\\\/aleksandrposnoi23.thkit.ee\\\/wp\\\/#\\\/schema\\\/logo\\\/image\\\/\"}}]}<\/script>\n<!-- \/ Yoast SEO plugin. -->","yoast_head_json":{"title":"Mat. funktsioonid - Aleksandr P&otilde;&scaron;n&otilde;i &Otilde;pimapp","robots":{"index":"index","follow":"follow","max-snippet":"max-snippet:-1","max-image-preview":"max-image-preview:large","max-video-preview":"max-video-preview:-1"},"canonical":"https:\/\/aleksandrposnoi23.thkit.ee\/wp\/mat-funktsioonid\/","og_locale":"et_EE","og_type":"article","og_title":"Mat. funktsioonid - Aleksandr P&otilde;&scaron;n&otilde;i &Otilde;pimapp","og_description":"n\u00e4ide funktsioonidest, mida ma kasutasin n\u00e4ited, mille ma lahendasin ja siin on iga lahendus =(a*b\/c_)=a\/(b*c_)=ROUND((a+x)\/(b+y); 4)=(a+x)\/(b*y)=ROUND((PI()(a+x)(a+x))\/(b*b*y*y*y);4)=ROUND(SQRT(((x*x)+(y*y)));3)=ROUND(POWER(((x*x)+(y*y));1\/3);4)=ROUND(POWER((y+c_*c_)\/(a+b);3\/4);4)=ROUND(LOG(((a*a*a)+POWER(((x*x)+2,76);1\/3));10);4)=ROUND((2POWER(EXP(1);x)+POWER(EXP(1);-2x))\/(a*a+b*b);4)=ROUND((SIN(2x)+COS(xx)-((SIN(x))*(SIN(x))));4)=POWER(SQRT(2+SQRT(3));b)+POWER(SQRT(2-SQRT(3));b)=MDETERM(J2:K3)=BIN2DEC(110)=FACT(a)","og_url":"https:\/\/aleksandrposnoi23.thkit.ee\/wp\/mat-funktsioonid\/","og_site_name":"Aleksandr P&otilde;&scaron;n&otilde;i &Otilde;pimapp","article_modified_time":"2025-09-15T11:24:10+00:00","og_image":[{"width":850,"height":558,"url":"https:\/\/aleksandrposnoi23.thkit.ee\/wp\/wp-content\/uploads\/2025\/09\/EDA84286-8FD1-4797-B913-1A79EFCDF2F3.png","type":"image\/png"}],"twitter_card":"summary_large_image","twitter_misc":{"Est. reading time":"1 minut"},"schema":{"@context":"https:\/\/schema.org","@graph":[{"@type":"WebPage","@id":"https:\/\/aleksandrposnoi23.thkit.ee\/wp\/mat-funktsioonid\/","url":"https:\/\/aleksandrposnoi23.thkit.ee\/wp\/mat-funktsioonid\/","name":"Mat. funktsioonid - Aleksandr P&otilde;&scaron;n&otilde;i &Otilde;pimapp","isPartOf":{"@id":"https:\/\/aleksandrposnoi23.thkit.ee\/wp\/#website"},"primaryImageOfPage":{"@id":"https:\/\/aleksandrposnoi23.thkit.ee\/wp\/mat-funktsioonid\/#primaryimage"},"image":{"@id":"https:\/\/aleksandrposnoi23.thkit.ee\/wp\/mat-funktsioonid\/#primaryimage"},"thumbnailUrl":"https:\/\/aleksandrposnoi23.thkit.ee\/wp\/wp-content\/uploads\/2025\/09\/EDA84286-8FD1-4797-B913-1A79EFCDF2F3.png","datePublished":"2025-09-15T10:44:51+00:00","dateModified":"2025-09-15T11:24:10+00:00","breadcrumb":{"@id":"https:\/\/aleksandrposnoi23.thkit.ee\/wp\/mat-funktsioonid\/#breadcrumb"},"inLanguage":"et","potentialAction":[{"@type":"ReadAction","target":["https:\/\/aleksandrposnoi23.thkit.ee\/wp\/mat-funktsioonid\/"]}]},{"@type":"ImageObject","inLanguage":"et","@id":"https:\/\/aleksandrposnoi23.thkit.ee\/wp\/mat-funktsioonid\/#primaryimage","url":"https:\/\/aleksandrposnoi23.thkit.ee\/wp\/wp-content\/uploads\/2025\/09\/EDA84286-8FD1-4797-B913-1A79EFCDF2F3.png","contentUrl":"https:\/\/aleksandrposnoi23.thkit.ee\/wp\/wp-content\/uploads\/2025\/09\/EDA84286-8FD1-4797-B913-1A79EFCDF2F3.png","width":850,"height":558},{"@type":"BreadcrumbList","@id":"https:\/\/aleksandrposnoi23.thkit.ee\/wp\/mat-funktsioonid\/#breadcrumb","itemListElement":[{"@type":"ListItem","position":1,"name":"Home","item":"https:\/\/aleksandrposnoi23.thkit.ee\/wp\/"},{"@type":"ListItem","position":2,"name":"Mat. funktsioonid"}]},{"@type":"WebSite","@id":"https:\/\/aleksandrposnoi23.thkit.ee\/wp\/#website","url":"https:\/\/aleksandrposnoi23.thkit.ee\/wp\/","name":"Aleksandr P\u00f5\u0161n\u00f5i \u00d5ppemap","description":"T&ouml;&ouml;stusinformaatika eriala &otilde;pilase &otilde;pimapp","publisher":{"@id":"https:\/\/aleksandrposnoi23.thkit.ee\/wp\/#organization"},"potentialAction":[{"@type":"SearchAction","target":{"@type":"EntryPoint","urlTemplate":"https:\/\/aleksandrposnoi23.thkit.ee\/wp\/?s={search_term_string}"},"query-input":{"@type":"PropertyValueSpecification","valueRequired":true,"valueName":"search_term_string"}}],"inLanguage":"et"},{"@type":"Organization","@id":"https:\/\/aleksandrposnoi23.thkit.ee\/wp\/#organization","name":"Aleksandr P\u00f5\u0161n\u00f5i \u00d5ppemap","url":"https:\/\/aleksandrposnoi23.thkit.ee\/wp\/","logo":{"@type":"ImageObject","inLanguage":"et","@id":"https:\/\/aleksandrposnoi23.thkit.ee\/wp\/#\/schema\/logo\/image\/","url":"https:\/\/aleksandrposnoi23.thkit.ee\/wp\/wp-content\/uploads\/2024\/04\/AUDI-A6-C5-RADIO-CD-FABRYCZNE-AUDI-SYMPHONY-DUZE-Producent-czesci-Audi-OE.jpg","contentUrl":"https:\/\/aleksandrposnoi23.thkit.ee\/wp\/wp-content\/uploads\/2024\/04\/AUDI-A6-C5-RADIO-CD-FABRYCZNE-AUDI-SYMPHONY-DUZE-Producent-czesci-Audi-OE.jpg","width":600,"height":450,"caption":"Aleksandr P\u00f5\u0161n\u00f5i \u00d5ppemap"},"image":{"@id":"https:\/\/aleksandrposnoi23.thkit.ee\/wp\/#\/schema\/logo\/image\/"}}]}},"_links":{"self":[{"href":"https:\/\/aleksandrposnoi23.thkit.ee\/wp\/wp-json\/wp\/v2\/pages\/403","targetHints":{"allow":["GET"]}}],"collection":[{"href":"https:\/\/aleksandrposnoi23.thkit.ee\/wp\/wp-json\/wp\/v2\/pages"}],"about":[{"href":"https:\/\/aleksandrposnoi23.thkit.ee\/wp\/wp-json\/wp\/v2\/types\/page"}],"author":[{"embeddable":true,"href":"https:\/\/aleksandrposnoi23.thkit.ee\/wp\/wp-json\/wp\/v2\/users\/1"}],"replies":[{"embeddable":true,"href":"https:\/\/aleksandrposnoi23.thkit.ee\/wp\/wp-json\/wp\/v2\/comments?post=403"}],"version-history":[{"count":4,"href":"https:\/\/aleksandrposnoi23.thkit.ee\/wp\/wp-json\/wp\/v2\/pages\/403\/revisions"}],"predecessor-version":[{"id":423,"href":"https:\/\/aleksandrposnoi23.thkit.ee\/wp\/wp-json\/wp\/v2\/pages\/403\/revisions\/423"}],"wp:attachment":[{"href":"https:\/\/aleksandrposnoi23.thkit.ee\/wp\/wp-json\/wp\/v2\/media?parent=403"}],"curies":[{"name":"wp","href":"https:\/\/api.w.org\/{rel}","templated":true}]}}